{"id":368,"date":"2023-10-29T17:31:32","date_gmt":"2023-10-29T17:31:32","guid":{"rendered":"https:\/\/cropav.es\/?page_id=368"},"modified":"2023-10-31T01:21:18","modified_gmt":"2023-10-31T01:21:18","slug":"aviso-legal","status":"publish","type":"page","link":"https:\/\/cropav.es\/en\/aviso-legal\/","title":{"rendered":"Aviso Legal"},"content":{"rendered":"<div data-elementor-type=\"wp-page\" data-elementor-id=\"368\" class=\"elementor elementor-368\" data-elementor-post-type=\"page\">\n\t\t\t\t<div class=\"elementor-element elementor-element-8712185 e-flex e-con-boxed e-con e-parent\" data-id=\"8712185\" data-element_type=\"container\" data-e-type=\"container\">\n\t\t\t\t\t<div class=\"e-con-inner\">\n\t\t\t\t<div class=\"elementor-element elementor-element-4449d5d elementor-widget elementor-widget-spacer\" data-id=\"4449d5d\" data-element_type=\"widget\" data-e-type=\"widget\" data-widget_type=\"spacer.default\">\n\t\t\t\t<div class=\"elementor-widget-container\">\n\t\t\t\t\t\t\t<div class=\"elementor-spacer\">\n\t\t\t<div class=\"elementor-spacer-inner\"><\/div>\n\t\t<\/div>\n\t\t\t\t\t\t<\/div>\n\t\t\t\t<\/div>\n\t\t\t\t<div class=\"elementor-element elementor-element-8661d2f elementor-widget elementor-widget-heading\" data-id=\"8661d2f\" data-element_type=\"widget\" data-e-type=\"widget\" data-widget_type=\"heading.default\">\n\t\t\t\t<div class=\"elementor-widget-container\">\n\t\t\t\t\t<h2 class=\"elementor-heading-title elementor-size-default\">A\u00f1ade aqu\u00ed tu texto de cabecera<\/h2>\t\t\t\t<\/div>\n\t\t\t\t<\/div>\n\t\t\t\t<div class=\"elementor-element elementor-element-8d7d0ba elementor-widget elementor-widget-spacer\" data-id=\"8d7d0ba\" data-element_type=\"widget\" data-e-type=\"widget\" data-widget_type=\"spacer.default\">\n\t\t\t\t<div class=\"elementor-widget-container\">\n\t\t\t\t\t\t\t<div class=\"elementor-spacer\">\n\t\t\t<div class=\"elementor-spacer-inner\"><\/div>\n\t\t<\/div>\n\t\t\t\t\t\t<\/div>\n\t\t\t\t<\/div>\n\t\t\t\t<div class=\"elementor-element elementor-element-bc6b7e9 elementor-widget elementor-widget-text-editor\" data-id=\"bc6b7e9\" data-element_type=\"widget\" data-e-type=\"widget\" data-widget_type=\"text-editor.default\">\n\t\t\t\t<div class=\"elementor-widget-container\">\n\t\t\t\t\t\t\t\t\t<p>CROPAV S.L., en adelante LA EMPRESA y su web www.cropav.es, en adelante SITIO WEB declara:<\/p>\n<p class=\"p2\">En cumplimiento con el deber de informaci\u00f3n recogido en art\u00edculo 10 de la Ley 34\/2002, de 11 de julio, de Servicios de la Sociedad de la Informaci\u00f3n y del Comercio Electr\u00f3nico (LSSICE), el propietario de la web , le informa de lo siguiente:<\/p>\n<ul class=\"ul1\">\n<li class=\"li3\"><span class=\"s2\">Denominaci\u00f3n social: CROPAV S.L.<\/span><\/li>\n<li class=\"li3\"><span class=\"s2\">NIF:&nbsp;<\/span><\/li>\n<li class=\"li3\"><span class=\"s2\">Domicilio:&nbsp;Carretera Villamayor S\/N, 45810, Villanueva de Alcardete, Toledo<\/span><\/li>\n<\/ul>\n<p class=\"p4\">Con los l\u00edmites establecidos en la ley, LA EMPRESA no asume ninguna responsabilidad derivada de la falta de veracidad, integridad, actualizaci\u00f3n y precisi\u00f3n de los datos o informaciones que contienen sus p\u00e1ginas web.<\/p>\n<p class=\"p2\">Los contenidos e informaci\u00f3n no vinculan a LA EMPRESA ni constituyen opiniones, consejos o asesoramiento legal de ning\u00fan tipo pues se trata meramente de un servicio ofrecido con car\u00e1cter informativo y divulgativo.<\/p>\n<p class=\"p2\">Las p\u00e1ginas de Internet de LA EMPRESA pueden contener enlaces (links) a otras p\u00e1ginas de terceras partes que LA EMPRESA no puede controlar. Por lo tanto, LA EMPRESA no puede asumir responsabilidades por el contenido que pueda aparecer en p\u00e1ginas de terceros.<\/p>\n<p class=\"p2\">Los textos, im\u00e1genes, sonidos, animaciones, software y el resto de contenidos incluidos en este website son propiedad exclusiva de LA EMPRESA o sus licenciantes. Cualquier acto de transmisi\u00f3n, distribuci\u00f3n, cesi\u00f3n, reproducci\u00f3n, almacenamiento o comunicaci\u00f3n p\u00fablica total o parcial, deber\u00e1 contar con el consentimiento expreso de LA EMPRESA.<\/p>\n<p class=\"p2\">Asimismo, para acceder a algunos de los servicios que LA EMPRESA ofrece a trav\u00e9s del sitio web, deber\u00e1 proporcionar algunos datos de car\u00e1cter personal. En cumplimiento de lo establecido en el Reglamento (UE) 2016\/679 del Parlamento Europeo y del Consejo, de 27 de abril de 2016, relativo a la protecci\u00f3n de las personas f\u00edsicas en lo que respecta al tratamiento de datos personales y a la libre circulaci\u00f3n de estos datos le informamos que, mediante la cumplimentaci\u00f3n de los presentes formularios, sus datos personales quedar\u00e1n incorporados y ser\u00e1n tratados en los ficheros de LA EMPRESA con el fin de poderle prestar y ofrecer nuestros servicios as\u00ed como para informarle de las mejoras del sitio Web.<\/p>\n<p class=\"p5\">Le informamos tambi\u00e9n de que tendr\u00e1 la posibilidad en todo momento de ejercer los derechos de acceso, rectificaci\u00f3n, cancelaci\u00f3n, oposici\u00f3n, limitaci\u00f3n y portabilidad de sus datos de car\u00e1cter personal, de manera gratuita mediante email a: info@corpav.ces.<\/p>\t\t\t\t\t\t\t\t<\/div>\n\t\t\t\t<\/div>\n\t\t\t\t<div class=\"elementor-element elementor-element-3a51d84 elementor-widget elementor-widget-spacer\" data-id=\"3a51d84\" data-element_type=\"widget\" data-e-type=\"widget\" data-widget_type=\"spacer.default\">\n\t\t\t\t<div class=\"elementor-widget-container\">\n\t\t\t\t\t\t\t<div class=\"elementor-spacer\">\n\t\t\t<div class=\"elementor-spacer-inner\"><\/div>\n\t\t<\/div>\n\t\t\t\t\t\t<\/div>\n\t\t\t\t<\/div>\n\t\t\t\t\t<\/div>\n\t\t\t\t<\/div>\n\t\t\t\t<\/div>","protected":false},"excerpt":{"rendered":"<p>A\u00f1ade aqu\u00ed tu texto de cabecera CROPAV S.L., en adelante LA EMPRESA y su web www.cropav.es, en adelante SITIO WEB declara: En cumplimiento con el deber de informaci\u00f3n recogido en art\u00edculo 10 de la Ley 34\/2002, de 11 de julio, de Servicios de la Sociedad de la Informaci\u00f3n y del Comercio Electr\u00f3nico (LSSICE), el propietario [&hellip;]<\/p>\n","protected":false},"author":1,"featured_media":0,"parent":0,"menu_order":0,"comment_status":"closed","ping_status":"closed","template":"elementor_header_footer","meta":{"footnotes":""},"class_list":["post-368","page","type-page","status-publish","hentry"],"yoast_head":"<!-- This site is optimized with the Yoast SEO plugin v27.1.1 - https:\/\/yoast.com\/product\/yoast-seo-wordpress\/ -->\n<title>Aviso Legal - cropav<\/title>\n<meta name=\"robots\" content=\"index, follow, max-snippet:-1, max-image-preview:large, max-video-preview:-1\" \/>\n<link rel=\"canonical\" href=\"https:\/\/cropav.es\/en\/aviso-legal\/\" \/>\n<meta property=\"og:locale\" content=\"en_GB\" \/>\n<meta property=\"og:type\" content=\"article\" \/>\n<meta property=\"og:title\" content=\"Aviso Legal - cropav\" \/>\n<meta property=\"og:description\" content=\"A\u00f1ade aqu\u00ed tu texto de cabecera CROPAV S.L., en adelante LA EMPRESA y su web www.cropav.es, en adelante SITIO WEB declara: En cumplimiento con el deber de informaci\u00f3n recogido en art\u00edculo 10 de la Ley 34\/2002, de 11 de julio, de Servicios de la Sociedad de la Informaci\u00f3n y del Comercio Electr\u00f3nico (LSSICE), el propietario [&hellip;]\" \/>\n<meta property=\"og:url\" content=\"https:\/\/cropav.es\/en\/aviso-legal\/\" \/>\n<meta property=\"og:site_name\" content=\"cropav\" \/>\n<meta property=\"article:modified_time\" content=\"2023-10-31T01:21:18+00:00\" \/>\n<meta name=\"twitter:card\" content=\"summary_large_image\" \/>\n<meta name=\"twitter:label1\" content=\"Estimated reading time\" \/>\n\t<meta name=\"twitter:data1\" content=\"2 minutes\" \/>\n<script type=\"application\/ld+json\" class=\"yoast-schema-graph\">{\"@context\":\"https:\/\/schema.org\",\"@graph\":[{\"@type\":\"WebPage\",\"@id\":\"https:\/\/cropav.es\/aviso-legal\/\",\"url\":\"https:\/\/cropav.es\/aviso-legal\/\",\"name\":\"Aviso Legal - cropav\",\"isPartOf\":{\"@id\":\"https:\/\/cropav.es\/#website\"},\"datePublished\":\"2023-10-29T17:31:32+00:00\",\"dateModified\":\"2023-10-31T01:21:18+00:00\",\"breadcrumb\":{\"@id\":\"https:\/\/cropav.es\/aviso-legal\/#breadcrumb\"},\"inLanguage\":\"en-GB\",\"potentialAction\":[{\"@type\":\"ReadAction\",\"target\":[\"https:\/\/cropav.es\/aviso-legal\/\"]}]},{\"@type\":\"BreadcrumbList\",\"@id\":\"https:\/\/cropav.es\/aviso-legal\/#breadcrumb\",\"itemListElement\":[{\"@type\":\"ListItem\",\"position\":1,\"name\":\"Portada\",\"item\":\"https:\/\/cropav.es\/\"},{\"@type\":\"ListItem\",\"position\":2,\"name\":\"Aviso Legal\"}]},{\"@type\":\"WebSite\",\"@id\":\"https:\/\/cropav.es\/#website\",\"url\":\"https:\/\/cropav.es\/\",\"name\":\"cropav\",\"description\":\"El mejor servicio para un producto de gran calidad\",\"publisher\":{\"@id\":\"https:\/\/cropav.es\/#organization\"},\"potentialAction\":[{\"@type\":\"SearchAction\",\"target\":{\"@type\":\"EntryPoint\",\"urlTemplate\":\"https:\/\/cropav.es\/?s={search_term_string}\"},\"query-input\":{\"@type\":\"PropertyValueSpecification\",\"valueRequired\":true,\"valueName\":\"search_term_string\"}}],\"inLanguage\":\"en-GB\"},{\"@type\":\"Organization\",\"@id\":\"https:\/\/cropav.es\/#organization\",\"name\":\"cropav\",\"url\":\"https:\/\/cropav.es\/\",\"logo\":{\"@type\":\"ImageObject\",\"inLanguage\":\"en-GB\",\"@id\":\"https:\/\/cropav.es\/#\/schema\/logo\/image\/\",\"url\":\"https:\/\/cropav.es\/wp-content\/uploads\/2023\/10\/LOGO-removebg-preview.png\",\"contentUrl\":\"https:\/\/cropav.es\/wp-content\/uploads\/2023\/10\/LOGO-removebg-preview.png\",\"width\":916,\"height\":272,\"caption\":\"cropav\"},\"image\":{\"@id\":\"https:\/\/cropav.es\/#\/schema\/logo\/image\/\"}}]}<\/script>\n<!-- \/ Yoast SEO plugin. -->","yoast_head_json":{"title":"Aviso Legal - cropav","robots":{"index":"index","follow":"follow","max-snippet":"max-snippet:-1","max-image-preview":"max-image-preview:large","max-video-preview":"max-video-preview:-1"},"canonical":"https:\/\/cropav.es\/en\/aviso-legal\/","og_locale":"en_GB","og_type":"article","og_title":"Aviso Legal - cropav","og_description":"A\u00f1ade aqu\u00ed tu texto de cabecera CROPAV S.L., en adelante LA EMPRESA y su web www.cropav.es, en adelante SITIO WEB declara: En cumplimiento con el deber de informaci\u00f3n recogido en art\u00edculo 10 de la Ley 34\/2002, de 11 de julio, de Servicios de la Sociedad de la Informaci\u00f3n y del Comercio Electr\u00f3nico (LSSICE), el propietario [&hellip;]","og_url":"https:\/\/cropav.es\/en\/aviso-legal\/","og_site_name":"cropav","article_modified_time":"2023-10-31T01:21:18+00:00","twitter_card":"summary_large_image","twitter_misc":{"Estimated reading time":"2 minutes"},"schema":{"@context":"https:\/\/schema.org","@graph":[{"@type":"WebPage","@id":"https:\/\/cropav.es\/aviso-legal\/","url":"https:\/\/cropav.es\/aviso-legal\/","name":"Aviso Legal - cropav","isPartOf":{"@id":"https:\/\/cropav.es\/#website"},"datePublished":"2023-10-29T17:31:32+00:00","dateModified":"2023-10-31T01:21:18+00:00","breadcrumb":{"@id":"https:\/\/cropav.es\/aviso-legal\/#breadcrumb"},"inLanguage":"en-GB","potentialAction":[{"@type":"ReadAction","target":["https:\/\/cropav.es\/aviso-legal\/"]}]},{"@type":"BreadcrumbList","@id":"https:\/\/cropav.es\/aviso-legal\/#breadcrumb","itemListElement":[{"@type":"ListItem","position":1,"name":"Portada","item":"https:\/\/cropav.es\/"},{"@type":"ListItem","position":2,"name":"Aviso Legal"}]},{"@type":"WebSite","@id":"https:\/\/cropav.es\/#website","url":"https:\/\/cropav.es\/","name":"cropav","description":"El mejor servicio para un producto de gran calidad","publisher":{"@id":"https:\/\/cropav.es\/#organization"},"potentialAction":[{"@type":"SearchAction","target":{"@type":"EntryPoint","urlTemplate":"https:\/\/cropav.es\/?s={search_term_string}"},"query-input":{"@type":"PropertyValueSpecification","valueRequired":true,"valueName":"search_term_string"}}],"inLanguage":"en-GB"},{"@type":"Organization","@id":"https:\/\/cropav.es\/#organization","name":"cropav","url":"https:\/\/cropav.es\/","logo":{"@type":"ImageObject","inLanguage":"en-GB","@id":"https:\/\/cropav.es\/#\/schema\/logo\/image\/","url":"https:\/\/cropav.es\/wp-content\/uploads\/2023\/10\/LOGO-removebg-preview.png","contentUrl":"https:\/\/cropav.es\/wp-content\/uploads\/2023\/10\/LOGO-removebg-preview.png","width":916,"height":272,"caption":"cropav"},"image":{"@id":"https:\/\/cropav.es\/#\/schema\/logo\/image\/"}}]}},"_links":{"self":[{"href":"https:\/\/cropav.es\/en\/wp-json\/wp\/v2\/pages\/368","targetHints":{"allow":["GET"]}}],"collection":[{"href":"https:\/\/cropav.es\/en\/wp-json\/wp\/v2\/pages"}],"about":[{"href":"https:\/\/cropav.es\/en\/wp-json\/wp\/v2\/types\/page"}],"author":[{"embeddable":true,"href":"https:\/\/cropav.es\/en\/wp-json\/wp\/v2\/users\/1"}],"replies":[{"embeddable":true,"href":"https:\/\/cropav.es\/en\/wp-json\/wp\/v2\/comments?post=368"}],"version-history":[{"count":7,"href":"https:\/\/cropav.es\/en\/wp-json\/wp\/v2\/pages\/368\/revisions"}],"predecessor-version":[{"id":506,"href":"https:\/\/cropav.es\/en\/wp-json\/wp\/v2\/pages\/368\/revisions\/506"}],"wp:attachment":[{"href":"https:\/\/cropav.es\/en\/wp-json\/wp\/v2\/media?parent=368"}],"curies":[{"name":"wp","href":"https:\/\/api.w.org\/{rel}","templated":true}]}}